{"id":19364,"date":"2019-10-09T14:24:52","date_gmt":"2019-10-09T14:24:52","guid":{"rendered":"https:\/\/robertcutty.com\/?page_id=19364"},"modified":"2025-01-24T15:06:03","modified_gmt":"2025-01-24T15:06:03","slug":"termini-e-condizioni","status":"publish","type":"page","link":"https:\/\/robertcutty.com\/it\/termini-e-condizioni","title":{"rendered":"Termini e condizioni"},"content":{"rendered":"\t\t<div data-elementor-type=\"wp-page\" data-elementor-id=\"19364\" class=\"elementor elementor-19364\" data-elementor-post-type=\"page\">\n\t\t\t\t<div class=\"elementor-element elementor-element-61068d94 e-flex e-con-boxed parallax_section_no qode_elementor_container_no e-con e-parent\" data-id=\"61068d94\" data-element_type=\"container\" data-e-type=\"container\">\n\t\t\t\t\t<div class=\"e-con-inner\">\n\t\t\t\t<div class=\"elementor-element elementor-element-2df29185 elementor-widget elementor-widget-text-editor\" data-id=\"2df29185\" data-element_type=\"widget\" data-e-type=\"widget\" data-widget_type=\"text-editor.default\">\n\t\t\t\t<div class=\"elementor-widget-container\">\n\t\t\t\t\t\t\t\t\t<p>Il sito <a href=\"http:\/\/www.robertcutty.com\" target=\"_new\" rel=\"noopener\">www.robertcutty.com<\/a> \u00e8 di propriet\u00e0 esclusiva della Cutty srl, con sede legale in Milano, via Pietrasanta 12, partita IVA e codice fiscale n. 11546320968. Il presente documento (di seguito, T&amp;C) stabilisce i termini e le condizioni di utilizzo e fruizione del sito internet di Cutty srl, e deve essere considerato congiuntamente alla Privacy Policy di Cutty srl.<\/p><p>Servizi Offerti<br \/>Tramite il sito internet, Cutty srl mette a disposizione degli Utenti uno spazio online per rivolgere domande o specifiche richieste riguardo ai contenuti presenti sul sito. Utilizzando il sito, l&#8217;Utente accetta i T&amp;C. I Servizi resi da Cutty srl e l\u2019utilizzo del sito internet sono soggetti all\u2019applicazione dei presenti T&amp;C e di ogni altra regolamentazione o policy pubblicata sul sito <a href=\"http:\/\/www.robertcutty.com\" target=\"_new\" rel=\"noopener\">www.robertcutty.com<\/a>.<\/p><p>In caso di disaccordo con qualsiasi termine o condizione o successive modifiche degli stessi, o nel caso di insoddisfazione per i Servizi offerti da Cutty srl, l&#8217;Utente \u00e8 tenuto a interrompere immediatamente l&#8217;uso del sito. Cutty srl ha la facolt\u00e0, ma non l\u2019obbligo, di far rispettare rigorosamente i T&amp;C attraverso azioni come la moderazione della comunit\u00e0 e, se necessario, il ricorso in sede giudiziaria.<\/p><h3>\u00a0<\/h3><h3>1. Definizioni<\/h3><ul><li>Contenuti:<br \/>(i) file contenenti testi, immagini, registrazioni audio e\/o video, dati e\/o informazioni organizzati in banca dati e comunque tutti i file, documenti e\/o informazioni in qualsiasi formato che Cutty srl rende disponibili attraverso il sito internet, incluso qualsiasi contenuto concesso in licenza da terzi;<br \/>(ii) file contenenti testi, immagini, registrazioni audio e\/o video, dati e\/o informazioni organizzati in banca dati e comunque tutti i file, documenti e\/o informazioni in qualsiasi formato trasmessi, copiati, inviati o messi a disposizione dei Visitatori del sito internet.<\/li><li>T&amp;C: Quanto disposto nel presente documento.<\/li><li>Dati personali: Tutte le informazioni personali relative a ciascun Utente, inclusi il nome, l&#8217;indirizzo e il numero di telefono, eventualmente raccolte tramite il sito internet.<\/li><li>Community: L\u2019insieme degli Utenti registrati sul sito internet che fruiscono dei suoi contenuti e delle sue funzionalit\u00e0.<\/li><li>Utente: Ogni soggetto, persona fisica o giuridica, registrato sul sito internet.<\/li><li>Servizio: Servizi che Cutty srl offre attraverso il sito internet.<\/li><li>Sito internet: Il dominio <a href=\"http:\/\/www.robertcutty.com\" target=\"_new\" rel=\"noopener\">www.robertcutty.com<\/a>, inclusi gli eventuali sottodomini, qualsiasi URL o sue porzioni, e le applicazioni mobili sviluppate da o per conto di Cutty srl, presenti negli store digitali Apple e Android.<\/li><li>Visitatore: Tutte le persone fisiche o giuridiche che visitano il sito internet senza registrarsi.<\/li><\/ul><h3>\u00a0<\/h3><h3>2. Descrizione del Sito Internet<\/h3><p>2.1 Il sito internet e i Servizi comprendono una piattaforma online attraverso la quale gli Utenti possono:<\/p><ul><li>Contattare Cutty srl;<\/li><li>Prendere informazioni relative a Eventi o Servizi offerti;<\/li><li>Inviare una richiesta di prenotazione dello stesso, comprensiva di eventuali note personali.<\/li><\/ul><p>Cutty srl si riserva il diritto di approvare, sospendere o cancellare la registrazione di un Utente in caso di violazione delle presenti T&amp;C. \u00c8 inteso che Cutty srl non ha alcun controllo sulla condotta degli Utenti e declina ogni responsabilit\u00e0 nei limiti massimi consentiti dalla legge.<\/p><h3>\u00a0<\/h3><h3>3. Privacy<\/h3><p>L&#8217;Utente dichiara di aver preso visione della Privacy Policy relativa a Cutty srl, disponibile all&#8217;indirizzo <a href=\"https:\/\/robertcutty.com\/privacy-policy\/\" target=\"_new\" rel=\"noopener\">Privacy Policy<\/a>, nonch\u00e9 nella sezione dedicata dell\u2019App, come modificata di volta in volta. La Privacy Policy contiene tutte le informazioni necessarie sull&#8217;acquisizione e l&#8217;uso dei Dati personali da parte di Cutty srl.<\/p><h3>\u00a0<\/h3><h3>4. Form Utente<\/h3><p>Per usufruire del Servizio, ciascun Utente deve compilare un modulo fornendo i dati personali necessari. Gli Utenti dichiarano di avere almeno 18 anni al momento della compilazione del form.<\/p><p>L\u2019Utente si impegna a non fornire informazioni errate o false. In ogni caso, Cutty srl non potr\u00e0 essere ritenuta responsabile per informazioni inesatte o false comunicate dagli Utenti.<\/p><p>Eventuali deroghe alle presenti regole devono essere richieste esplicitamente all\u2019azienda. La mancata autorizzazione da parte di Cutty srl per la creazione o l&#8217;utilizzo di nuovi account (propri o di terzi) potrebbe comportare la sospensione immediata e a tempo indeterminato dell\u2019Utente.<\/p><p>\u00c8 inteso che Cutty srl non \u00e8 obbligata a verificare l&#8217;identit\u00e0 degli Utenti n\u00e9 pu\u00f2 confermare l&#8217;identit\u00e0 di ciascun Utente.<\/p><h3>\u00a0<\/h3><h3>5. Responsabilit\u00e0 di Cutty srl<\/h3><p>5.1 Esclusione di Garanzie<br \/>L&#8217;Utente accetta che l&#8217;uso del sito internet e dei Servizi offerti \u00e8 interamente a proprio rischio e responsabilit\u00e0. Il sito internet e i Servizi sono forniti &#8220;cos\u00ec come sono&#8221; e &#8220;come disponibili&#8221;, senza garanzie o responsabilit\u00e0 di alcun tipo. Cutty srl esclude esplicitamente qualsiasi garanzia, esplicita o implicita, comprese ma non limitate alle garanzie di commerciabilit\u00e0, idoneit\u00e0 a uno scopo specifico, affidabilit\u00e0 e accuratezza.<\/p><p>5.2 Limitazioni di Responsabilit\u00e0<br \/>In nessun caso Cutty srl potr\u00e0 essere ritenuta responsabile per danni diretti o indiretti, inclusi:<\/p><ul><li>Perdita di profitti, dati o avviamento;<\/li><li>Danni informatici o costi di prodotti o servizi sostitutivi;<\/li><li>Danni connessi a lesioni personali o fisiche.<\/li><\/ul><p>La limitazione di responsabilit\u00e0 si estende anche ai danni derivanti dall&#8217;utilizzo di altri servizi o prodotti pubblicizzati sul sito internet.<\/p><p>Cutty srl non sar\u00e0 responsabile per danni causati da:<\/p><ul><li>Uso improprio del sito internet o dei Servizi;<\/li><li>Interruzioni, modifiche o cessazioni del sito internet o dei Servizi;<\/li><li>Virus informatici o altri componenti dannosi legati al sito internet.<\/li><\/ul><h3>\u00a0<\/h3><h3>6. Contenuti pubblicati su o tramite il Sito internet<\/h3><p>6.1 Contenuti Provenienti dagli Utenti<br \/>Tutti i contenuti pubblicati sul Sito internet, trasmessi attraverso, o accessibili tramite link dal Sito internet, sono di esclusiva responsabilit\u00e0 dell&#8217;Utente da cui tali contenuti provengono. L&#8217;Utente \u00e8 il solo responsabile per qualsiasi contenuto pubblicato, email o materiale reso disponibile tramite il Sito internet.<br \/>L&#8217;Utente \u00e8 consapevole che Cutty srl non controlla e non \u00e8 responsabile per i contenuti messi a disposizione attraverso il Sito internet e che, utilizzando il Sito internet, pu\u00f2 essere esposto a contenuti offensivi, indecenti, imprecisi, illegali o fuorvianti.<\/p><p>6.2 Link ad altri siti web<br \/>Il Sito internet, le applicazioni e i servizi potrebbero contenere link a siti web o risorse di terze parti. Cutty srl non \u00e8 responsabile per:<br \/>(i) la disponibilit\u00e0 o l&#8217;accuratezza di tali siti web o risorse;<br \/>(ii) i contenuti, i prodotti o i servizi presenti o disponibili da tali siti web o risorse.<\/p><p>I link a tali siti web o risorse non implicano alcun sostegno da parte di Cutty srl a detti siti web, risorse o ai contenuti, prodotti o servizi disponibili da tali siti. L&#8217;Utente e il Visitatore si assumono l&#8217;esclusiva responsabilit\u00e0 e tutti i rischi derivanti dall&#8217;uso di tali siti web, risorse o dai contenuti, prodotti e servizi da essi offerti.<\/p><p>Cutty srl non \u00e8 inoltre responsabile per le politiche di riservatezza o pratiche adottate su altri siti web. Quando un Utente o un Visitatore del Sito internet clicca su un collegamento che lo indirizza a un altro sito o piattaforma, \u00e8 responsabile di leggere e accettare le politiche di riservatezza di quel sito o piattaforma.<\/p><p>6.3 Autorizzazione dell&#8217;Utente<br \/>Fermo restando quanto sopra, gli Utenti autorizzano irrevocabilmente Cutty srl, e\/o gli altri Utenti ai quali Cutty srl ne conceda facolt\u00e0, a utilizzare i contenuti pubblicati ed ogni loro parte o elemento, senza restrizione alcuna, in tutto il mondo, in perpetuo e comunque per tutta la durata della protezione legale sancita in ciascun paese.<\/p><p>Questa autorizzazione include, a titolo esemplificativo:<\/p><ul><li>Pubblicazione e diffusione: il diritto di pubblicare, diffondere, comunicare al pubblico e rendere disponibili i contenuti in qualsiasi momento e luogo scelto individualmente, tramite qualsiasi mezzo e\/o tecnologia attualmente nota o sviluppata in futuro.<\/li><li>Riproduzione e modifica: il diritto di riprodurre e modificare i contenuti per rispettare i vincoli tecnologici delle modalit\u00e0 di funzionamento del Sito internet.<\/li><li>Autorizzazione per altri Utenti: il diritto di autorizzare altri Utenti del Sito internet a riprodurre i contenuti per visualizzarli sui loro terminali.<\/li><\/ul><p>I diritti sopra citati si intendono concessi in via non esclusiva; pertanto, l&#8217;Utente resta legittimato a utilizzare i contenuti pubblicati in qualsiasi forma e modalit\u00e0.<\/p><p>6.4 Dichiarazione dell&#8217;Utente<br \/>L\u2019Utente dichiara di disporre pienamente e legittimamente di tutti i diritti relativi ai contenuti pubblicati sul Sito internet, compresi a titolo esemplificativo:<\/p><ul><li>Diritti d&#8217;autore;<\/li><li>Diritti di immagine e della personalit\u00e0;<\/li><li>Diritti di marchio e altri diritti di privativa;<\/li><li>Diritti di riservatezza e relativi al ritratto.<\/li><\/ul><p>L\u2019Utente garantisce inoltre che, se non \u00e8 pienamente titolare dei diritti sui contenuti, \u00e8 stato espressamente autorizzato dai titolari a concedere tali diritti in conformit\u00e0 alle presenti condizioni.<\/p><p>L\u2019Utente si impegna a non pubblicare contenuti che:<\/p><ul><li>Siano falsi, osceni, pornografici, diffamatori, razzisti, violenti, offensivi, molesti o che incitino a commettere reati o risultino illegali nel luogo in cui vengono pubblicati.<\/li><li>Violino norme sul trattamento dei dati personali o sulla tutela di informazioni riservate.<\/li><li>Violino brevetti, marchi, diritti d&#8217;autore o altri diritti di terzi.<\/li><li>Contengano virus informatici, programmi o software progettati per danneggiare, interrompere o limitare la funzionalit\u00e0 di software, hardware o reti.<\/li><li>Siano in qualsiasi modo dannosi per Cutty srl, per altri Utenti o per terzi.<\/li><\/ul><p>L&#8217;Utente garantisce la buona qualit\u00e0 e l&#8217;adeguatezza dei contenuti all&#8217;uso per cui sono destinati.<\/p><h3>\u00a0<\/h3><h3>7. Modifiche<\/h3><p>Cutty srl si riserva il diritto, a sua sola discrezione, di modificare il Sito internet, i Servizi o i presenti T&amp;C in qualsiasi momento e senza preavviso.<br \/>Eventuali modifiche saranno pubblicate sul Sito internet o comunicate tramite apposite notifiche. La &#8220;Data di ultimo aggiornamento&#8221; sar\u00e0 aggiornata in calce a questo documento. Continuando a utilizzare il Sito internet o i Servizi, l\u2019Utente accetta tacitamente tali modifiche.<\/p><p>In caso di disaccordo, l&#8217;Utente ha l&#8217;obbligo di cessare immediatamente l\u2019utilizzo del Sito internet.<\/p><h3>\u00a0<\/h3><h3>8. Diritti di propriet\u00e0 intellettuale ed industriale<\/h3><p>Fatte salve le disposizioni contenute nella Privacy Policy di Cutty srl, qualsiasi contenuto trasmesso al Sito internet dagli Utenti, sia per posta elettronica sia con altri mezzi, per qualsiasi motivo, sar\u00e0 trattato come non confidenziale e non di propriet\u00e0.<br \/>Nel caso in cui gli Utenti detengano tutti i diritti su tali comunicazioni o contenuti, essi concedono esplicitamente a Cutty srl e ai suoi concessionari designati una licenza non esclusiva, con diritto perpetuo e mondiale, per:<\/p><ul><li>Copiare, distribuire, visualizzare, eseguire, pubblicare, tradurre, adattare, modificare e\/o utilizzare tali materiali per qualsiasi scopo;<\/li><li>Utilizzare il materiale indipendentemente dal formato o mezzo (attualmente noto o sviluppato in futuro).<\/li><\/ul><p>Avvertenze<br \/>Si prega di non pubblicare sul Sito internet informazioni riservate o protette da diritti di propriet\u00e0 intellettuale o industriale, a meno che non sia stato concordato diversamente per iscritto.<\/p><p>Segnalazione di violazioni<br \/>Se un Utente ritiene che i propri diritti di propriet\u00e0 intellettuale o industriale siano stati violati da una pubblicazione sul Sito internet, deve inviare entro 48 ore dalla scoperta una comunicazione scritta a Cutty srl all\u2019indirizzo email: <a rel=\"noopener\">info@robertcutty.com<\/a>.<\/p><p>La notifica deve includere:<\/p><ul><li>La firma fisica o elettronica della persona autorizzata ad agire per conto del titolare di un diritto esclusivo presumibilmente violato;<\/li><li>L\u2019identificazione del contenuto protetto che si ritiene violato;<\/li><li>Informazioni sufficienti per contattare il reclamante (indirizzo, numero di telefono e email);<\/li><li>L\u2019identificazione del materiale ritenuto oggetto di attivit\u00e0 illecita e informazioni sufficienti per individuarlo sul Sito;<\/li><li>Una dichiarazione che attesti, in buona fede, che l\u2019uso contestato non \u00e8 autorizzato dal titolare del diritto, dal suo agente o dalla legge;<\/li><li>Una dichiarazione che garantisca l\u2019accuratezza delle informazioni fornite e che il reclamante \u00e8 autorizzato ad agire per conto del titolare del diritto.<\/li><\/ul><p>Cutty srl si riserva il diritto di rimuovere immediatamente i materiali identificati, senza alcuna responsabilit\u00e0 nei confronti degli Utenti o di terzi.<\/p><h3>\u00a0<\/h3><h3>9. Manleva<\/h3><p>L&#8217;Utente si impegna a manlevare e tenere indenne Cutty srl, le sue affiliate, consociate, funzionari, direttori, dipendenti e agenti da qualsiasi pretesa, danno, perdita o spesa (inclusi ragionevoli onorari legali) derivante da:<\/p><ul><li>L&#8217;accesso o l&#8217;uso del Sito internet, dei Servizi o dei Contenuti da parte dell&#8217;Utente;<\/li><li>Contenuti elaborati, trasmessi, copiati, inviati o messi a disposizione dall\u2019Utente;<\/li><li>Interazioni tra Utenti o richieste di Servizi.<\/li><\/ul><p>Cutty srl si riserva il diritto, a sua esclusiva discrezione, di organizzare la propria difesa contro rivendicazioni legali, senza che l&#8217;Utente possa eccepire alcunch\u00e9.<\/p><h3>\u00a0<\/h3><h3>10. Relazione tra le Parti<\/h3><p>Cutty srl e gli Utenti operano come parti indipendenti, ciascuno agendo in nome proprio e per i propri scopi. Le presenti Condizioni d\u2019Uso non creano vincoli di:<\/p><ul><li>Subordinazione, rappresentanza, agenzia, partnership o franchising tra le parti;<\/li><li>Joint venture o altre forme di rapporto fiduciario.<\/li><\/ul><p>Diritti e obblighi delle parti sono limitati a quanto esplicitamente indicato nel presente documento.<\/p><h3>\u00a0<\/h3><h3>11. Legge applicabile e foro competente<\/h3><p>Le presenti Condizioni di Utilizzo sono regolate e interpretate in conformit\u00e0 alle leggi della Repubblica Italiana.<br \/>Qualsiasi controversia relativa alla validit\u00e0, interpretazione o esecuzione delle presenti Condizioni sar\u00e0 soggetta alla competenza esclusiva del Tribunale di Milano.<\/p><h3>\u00a0<\/h3><h3>12. Condizioni aggiuntive<\/h3><ul><li>Rapporti tra Utenti: Cutty srl non \u00e8 responsabile per rapporti creatisi tra gli Utenti.<\/li><li>Titoli delle clausole: Le rubriche delle clausole hanno esclusivamente funzione descrittiva e non influiscono sull\u2019interpretazione delle stesse.<\/li><li>Trasferimento di diritti: L&#8217;Utente accetta che i diritti e gli obblighi previsti dalle presenti Condizioni di Utilizzo possano essere trasferiti da Cutty srl a terze parti in caso di fusione, acquisizione o altro evento.<\/li><li>Conformit\u00e0 legale: Gli Utenti si impegnano a rispettare tutte le leggi nazionali e internazionali vigenti relative all\u2019utilizzo del Sito internet e dei Servizi forniti da Cutty srl.<\/li><\/ul><h3>\u00a0<\/h3><h3>Comunicazioni<\/h3><p>Tutte le comunicazioni per gli Utenti saranno inviate all\u2019indirizzo email fornito al momento della registrazione. Le notifiche sono considerate ricevute entro 24 ore dall\u2019invio, salvo avvisi di mancata consegna.<\/p><p>\u00a0<\/p><p>Ultimo aggiornamento: 08\/10\/2019<\/p>\t\t\t\t\t\t\t\t<\/div>\n\t\t\t\t<\/div>\n\t\t\t\t\t<\/div>\n\t\t\t\t<\/div>\n\t\t\t\t<\/div>\n\t\t","protected":false},"excerpt":{"rendered":"<p>Il sito www.robertcutty.com \u00e8 di propriet\u00e0 esclusiva della Cutty srl, con sede legale in Milano, via Pietrasanta 12, partita IVA e codice fiscale n. 11546320968. Il presente documento (di seguito, T&amp;C) stabilisce i termini e le condizioni di utilizzo e fruizione del sito internet di&#8230;<\/p>\n","protected":false},"author":1,"featured_media":0,"parent":0,"menu_order":0,"comment_status":"closed","ping_status":"closed","template":"","meta":{"iawp_total_views":6,"footnotes":""},"class_list":["post-19364","page","type-page","status-publish","hentry"],"yoast_head":"<!-- This site is optimized with the Yoast SEO plugin v27.0 - https:\/\/yoast.com\/product\/yoast-seo-wordpress\/ -->\n<title>Termini e condizioni | Robert Cutty<\/title>\n<meta name=\"robots\" content=\"index, follow, max-snippet:-1, max-image-preview:large, max-video-preview:-1\" \/>\n<link rel=\"canonical\" href=\"https:\/\/robertcutty.com\/it\/termini-e-condizioni\" \/>\n<meta property=\"og:locale\" content=\"it_IT\" \/>\n<meta property=\"og:type\" content=\"article\" \/>\n<meta property=\"og:title\" content=\"Termini e condizioni | Robert Cutty\" \/>\n<meta property=\"og:description\" content=\"Il sito www.robertcutty.com \u00e8 di propriet\u00e0 esclusiva della Cutty srl, con sede legale in Milano, via Pietrasanta 12, partita IVA e codice fiscale n. 11546320968. Il presente documento (di seguito, T&amp;C) stabilisce i termini e le condizioni di utilizzo e fruizione del sito internet di...\" \/>\n<meta property=\"og:url\" content=\"https:\/\/robertcutty.com\/it\/termini-e-condizioni\" \/>\n<meta property=\"og:site_name\" content=\"Robert Cutty\" \/>\n<meta property=\"article:modified_time\" content=\"2025-01-24T15:06:03+00:00\" \/>\n<meta name=\"twitter:card\" content=\"summary_large_image\" \/>\n<meta name=\"twitter:label1\" content=\"Tempo di lettura stimato\" \/>\n\t<meta name=\"twitter:data1\" content=\"10 minuti\" \/>\n<script type=\"application\/ld+json\" class=\"yoast-schema-graph\">{\"@context\":\"https:\/\/schema.org\",\"@graph\":[{\"@type\":\"WebPage\",\"@id\":\"https:\/\/robertcutty.com\/it\/termini-e-condizioni\",\"url\":\"https:\/\/robertcutty.com\/it\/termini-e-condizioni\",\"name\":\"Termini e condizioni | Robert Cutty\",\"isPartOf\":{\"@id\":\"https:\/\/robertcutty.com\/#website\"},\"datePublished\":\"2019-10-09T14:24:52+00:00\",\"dateModified\":\"2025-01-24T15:06:03+00:00\",\"breadcrumb\":{\"@id\":\"https:\/\/robertcutty.com\/it\/termini-e-condizioni#breadcrumb\"},\"inLanguage\":\"it-IT\",\"potentialAction\":[{\"@type\":\"ReadAction\",\"target\":[\"https:\/\/robertcutty.com\/it\/termini-e-condizioni\"]}]},{\"@type\":\"BreadcrumbList\",\"@id\":\"https:\/\/robertcutty.com\/it\/termini-e-condizioni#breadcrumb\",\"itemListElement\":[{\"@type\":\"ListItem\",\"position\":1,\"name\":\"Home\",\"item\":\"https:\/\/robertcutty.com\/it\"},{\"@type\":\"ListItem\",\"position\":2,\"name\":\"Termini e condizioni\"}]},{\"@type\":\"WebSite\",\"@id\":\"https:\/\/robertcutty.com\/#website\",\"url\":\"https:\/\/robertcutty.com\/\",\"name\":\"Robert Cutty\",\"description\":\"Agenzia di comunicazione ed organizzazione eventi per adulti e bambini\",\"potentialAction\":[{\"@type\":\"SearchAction\",\"target\":{\"@type\":\"EntryPoint\",\"urlTemplate\":\"https:\/\/robertcutty.com\/?s={search_term_string}\"},\"query-input\":{\"@type\":\"PropertyValueSpecification\",\"valueRequired\":true,\"valueName\":\"search_term_string\"}}],\"inLanguage\":\"it-IT\"}]}<\/script>\n<!-- \/ Yoast SEO plugin. -->","yoast_head_json":{"title":"Termini e condizioni | Robert Cutty","robots":{"index":"index","follow":"follow","max-snippet":"max-snippet:-1","max-image-preview":"max-image-preview:large","max-video-preview":"max-video-preview:-1"},"canonical":"https:\/\/robertcutty.com\/it\/termini-e-condizioni","og_locale":"it_IT","og_type":"article","og_title":"Termini e condizioni | Robert Cutty","og_description":"Il sito www.robertcutty.com \u00e8 di propriet\u00e0 esclusiva della Cutty srl, con sede legale in Milano, via Pietrasanta 12, partita IVA e codice fiscale n. 11546320968. Il presente documento (di seguito, T&amp;C) stabilisce i termini e le condizioni di utilizzo e fruizione del sito internet di...","og_url":"https:\/\/robertcutty.com\/it\/termini-e-condizioni","og_site_name":"Robert Cutty","article_modified_time":"2025-01-24T15:06:03+00:00","twitter_card":"summary_large_image","twitter_misc":{"Tempo di lettura stimato":"10 minuti"},"schema":{"@context":"https:\/\/schema.org","@graph":[{"@type":"WebPage","@id":"https:\/\/robertcutty.com\/it\/termini-e-condizioni","url":"https:\/\/robertcutty.com\/it\/termini-e-condizioni","name":"Termini e condizioni | Robert Cutty","isPartOf":{"@id":"https:\/\/robertcutty.com\/#website"},"datePublished":"2019-10-09T14:24:52+00:00","dateModified":"2025-01-24T15:06:03+00:00","breadcrumb":{"@id":"https:\/\/robertcutty.com\/it\/termini-e-condizioni#breadcrumb"},"inLanguage":"it-IT","potentialAction":[{"@type":"ReadAction","target":["https:\/\/robertcutty.com\/it\/termini-e-condizioni"]}]},{"@type":"BreadcrumbList","@id":"https:\/\/robertcutty.com\/it\/termini-e-condizioni#breadcrumb","itemListElement":[{"@type":"ListItem","position":1,"name":"Home","item":"https:\/\/robertcutty.com\/it"},{"@type":"ListItem","position":2,"name":"Termini e condizioni"}]},{"@type":"WebSite","@id":"https:\/\/robertcutty.com\/#website","url":"https:\/\/robertcutty.com\/","name":"Robert Cutty","description":"Agenzia di comunicazione ed organizzazione eventi per adulti e bambini","potentialAction":[{"@type":"SearchAction","target":{"@type":"EntryPoint","urlTemplate":"https:\/\/robertcutty.com\/?s={search_term_string}"},"query-input":{"@type":"PropertyValueSpecification","valueRequired":true,"valueName":"search_term_string"}}],"inLanguage":"it-IT"}]}},"_links":{"self":[{"href":"https:\/\/robertcutty.com\/it\/wp-json\/wp\/v2\/pages\/19364","targetHints":{"allow":["GET"]}}],"collection":[{"href":"https:\/\/robertcutty.com\/it\/wp-json\/wp\/v2\/pages"}],"about":[{"href":"https:\/\/robertcutty.com\/it\/wp-json\/wp\/v2\/types\/page"}],"author":[{"embeddable":true,"href":"https:\/\/robertcutty.com\/it\/wp-json\/wp\/v2\/users\/1"}],"replies":[{"embeddable":true,"href":"https:\/\/robertcutty.com\/it\/wp-json\/wp\/v2\/comments?post=19364"}],"version-history":[{"count":24,"href":"https:\/\/robertcutty.com\/it\/wp-json\/wp\/v2\/pages\/19364\/revisions"}],"predecessor-version":[{"id":23357,"href":"https:\/\/robertcutty.com\/it\/wp-json\/wp\/v2\/pages\/19364\/revisions\/23357"}],"wp:attachment":[{"href":"https:\/\/robertcutty.com\/it\/wp-json\/wp\/v2\/media?parent=19364"}],"curies":[{"name":"wp","href":"https:\/\/api.w.org\/{rel}","templated":true}]}}