{"id":18896,"date":"2019-08-02T07:17:05","date_gmt":"2019-08-02T07:17:05","guid":{"rendered":"https:\/\/robertcutty.com\/?page_id=18896"},"modified":"2025-01-24T15:06:09","modified_gmt":"2025-01-24T15:06:09","slug":"privacy-policy","status":"publish","type":"page","link":"https:\/\/robertcutty.com\/it\/privacy-policy","title":{"rendered":"Privacy Policy"},"content":{"rendered":"\t\t<div data-elementor-type=\"wp-page\" data-elementor-id=\"18896\" class=\"elementor elementor-18896\" data-elementor-post-type=\"page\">\n\t\t\t\t<div class=\"elementor-element elementor-element-2dae15f5 e-flex e-con-boxed parallax_section_no qode_elementor_container_no e-con e-parent\" data-id=\"2dae15f5\" data-element_type=\"container\" data-e-type=\"container\">\n\t\t\t\t\t<div class=\"e-con-inner\">\n\t\t\t\t<div class=\"elementor-element elementor-element-581886e6 elementor-widget elementor-widget-text-editor\" data-id=\"581886e6\" data-element_type=\"widget\" data-e-type=\"widget\" data-widget_type=\"text-editor.default\">\n\t\t\t\t<div class=\"elementor-widget-container\">\n\t\t\t\t\t\t\t\t\t<p>INFORMATIVA PRIVACY<\/p><p>abbinata ai prodotti e servizi della Cutty srl<br \/>ai sensi degli artt. 13 e 14 del Reg.to UE\/679\/2016 e del D.Lgs. 101\/2018 (a modifica ed integrazione del D.Lgs. 196\/2003)<\/p><h3>\u00a0<\/h3><h3>Chi \u00e8 il titolare del trattamento?<\/h3><p>La societ\u00e0 Cutty srl, P.Iva 11546320968, con sede legale in Via Pietrasanta 12, 20141 Milano (MI), agisce in qualit\u00e0 di \u201cTitolare\u201d del trattamento (nel proseguo \u201cil Titolare\u201d) dei dati personali del cliente e degli eventuali coobbligati (congiuntamente definiti l'&#8221;Interessato&#8221;) di cui al successivo paragrafo 2.<\/p><h3>\u00a0<\/h3><h3>Quali dati sono trattati?<\/h3><p>Il Titolare del trattamento tratta i dati personali forniti dall&#8217;Interessato, ivi compresi nome, cognome, indirizzo di residenza, codice fiscale, telefono ed indirizzo e-mail (di seguito congiuntamente definiti \u201cDati\u201d).<\/p><h3>\u00a0<\/h3><h3>Per quali finalit\u00e0 sono trattati i Dati?<\/h3><p>Il trattamento dei Dati sar\u00e0 eseguito dal Titolare del trattamento per le seguenti finalit\u00e0:<\/p><p>a) concludere i contratti per i prodotti e servizi del Titolare del trattamento;<br \/>b) adempiere agli obblighi precontrattuali, contrattuali e fiscali derivanti da rapporti in essere con l\u2019Interessato;<br \/>c) adempiere agli obblighi previsti dalla legge, da un regolamento, dalla normativa comunitaria o da un ordine dell\u2019Autorit\u00e0 (come ad esempio in materia di antiriciclaggio);<br \/>d) esercitare i diritti del Titolare del trattamento, come, ad esempio, il diritto di difesa in giudizio.<\/p><p>Le finalit\u00e0 di cui ai punti da (a) a (d) sono congiuntamente definite le &#8220;Finalit\u00e0 Contrattuali&#8221;.<\/p><p>e) per lo svolgimento di attivit\u00e0 funzionali a eventuali cartolarizzazioni, cessioni del credito ed emissione di titoli, cessioni di azienda e di ramo d&#8217;azienda, acquisizioni, fusioni, scissioni o altre trasformazioni e per l&#8217;esecuzione di tali operazioni;<br \/>f) per l\u2019esecuzione di controlli volti a prevenire eventuali frodi.<\/p><p>Le finalit\u00e0 di cui ai punti (e) ed (f) sono congiuntamente definite le &#8220;Finalit\u00e0 di Legittimo Interesse&#8221;.<\/p><p>g) per la promozione di prodotti e servizi offerti dal titolare del trattamento, anche tramite l&#8217;invio di materiale pubblicitario, comunicazioni commerciali, l&#8217;esecuzione di ricerche di mercato e attivit\u00e0 di vendita diretta, sia tramite strumenti di comunicazione tradizionale, quale la posta cartacea, che tramite strumenti di comunicazione a distanza, quali email, chat, newsletter, telefono, SMS, videochiamata, chiamata automatica, instant message, chatbot, sistemi intelligenti di comunicazione automatizzata interattiva, banner, social network, motori di ricerca, sistemi di notifica e altri strumenti di comunicazione a distanza;<br \/>h) per la promozione \u2013 anche tramite lo svolgimento delle attivit\u00e0 di cui alla precedente lettera (g) \u2013 di prodotti e servizi offerti da terzi situati sia all\u2019interno dell&#8217;Unione europea che in Paesi extra-UE, a cui i dati saranno comunicati, appartenenti ai seguenti settori merceologici: attivit\u00e0 assicurative, commercio all&#8217;ingrosso e al dettaglio, servizi di informazione e comunicazione, servizi connessi all\u2019attivit\u00e0 del Titolare del trattamento, attivit\u00e0 professionali e tecniche, organizzazione di eventi; e<br \/>i) per la profilazione dell&#8217;Interessato (ad es. profilazione interna mediante CRM) al fine di rendere le attivit\u00e0 promozionali sopra indicate ed i servizi offerti dal Titolare del trattamento meglio focalizzati sulle esigenze, le abitudini e gli interessi degli Interessati e lo svolgimento di attivit\u00e0 preparatorie e\/o funzionali alla corretta esecuzione di tali iniziative promozionali.<\/p><p>Le finalit\u00e0 di cui ai punti da (g) ad (i) sono congiuntamente definite le &#8220;Finalit\u00e0 di Marketing&#8221;.<\/p><h3>\u00a0<\/h3><h3>Su quale base vengono trattati i Dati?<\/h3><p>Il trattamento dei Dati:<\/p><ul><li>\u00e8 necessario per le Finalit\u00e0 Contrattuali, in quanto volto all\u2019erogazione dei servizi richiesti e ad ogni informazione relativa agli stessi, nei casi di cui alle lettere da (a) a (c) del precedente paragrafo 3, e per adempiere obblighi di legge nel caso di cui alla lettera (d) del precedente paragrafo 3.<\/li><li>per le Finalit\u00e0 di Legittimo Interesse di cui al paragrafo 3, lettera (e), \u00e8 eseguito per il perseguimento del legittimo interesse del Titolare del trattamento e delle proprie controparti, adeguatamente contemperato con gli interessi dell\u2019Interessato.<\/li><li>per le Finalit\u00e0 di Marketing, il trattamento \u00e8 facoltativo e, qualora l&#8217;Interessato neghi il suo consenso, non ricever\u00e0 comunicazioni commerciali.<\/li><\/ul><h3>\u00a0<\/h3><h3>Come vengono trattati i Dati?<\/h3><p>Il trattamento dei Dati dell\u2019Interessato \u00e8 realizzato per mezzo delle operazioni indicate all\u2019art. 4 n. 2) del Regolamento UE\/679\/2016. I Dati possono essere trattati con strumenti manuali o informatici, idonei a garantirne la sicurezza, la riservatezza e ad evitare accessi non autorizzati.<\/p><h3>\u00a0<\/h3><h3>A chi vengono comunicati i Dati?<\/h3><p>I Dati potranno essere comunicati a:<\/p><ul><li>fornitori di servizi connessi alle attivit\u00e0 del Titolare del trattamento;<\/li><li>consulenti fiscali, legali e tecnici;<\/li><li>fornitori di servizi informatici o di archiviazione.<\/li><\/ul><h3>\u00a0<\/h3><h3>I Dati sono trasferiti all&#8217;estero?<\/h3><p>I Dati potranno essere trasferiti fuori dall\u2019Unione Europea nei limiti consentiti dalla normativa vigente.<\/p><h3>\u00a0<\/h3><h3>Quali sono i diritti dell&#8217;Interessato?<\/h3><p>L\u2019Interessato ha i diritti previsti dagli articoli 15-22 del Regolamento UE\/679\/2016, incluso il diritto di accesso, rettifica, cancellazione, limitazione del trattamento, portabilit\u00e0 dei dati, opposizione e non essere sottoposto a processi decisionali automatizzati.<\/p><p>Le richieste possono essere inviate all\u2019indirizzo e-mail <a rel=\"noopener\">info@robertcutty.com<\/a>.<\/p><h3>\u00a0<\/h3><h3>Per quanto tempo saranno conservati i Dati trattati?<\/h3><p>I Dati saranno conservati per:<\/p><ul><li>Finalit\u00e0 Contrattuali: per la durata del contratto e 10 anni successivi;<\/li><li>Finalit\u00e0 di Legittimo Interesse: per la durata necessaria;<\/li><li>Finalit\u00e0 di Marketing: fino a 24 mesi per comunicazioni commerciali e 12 mesi per attivit\u00e0 di profilazione.<\/li><\/ul><h3>\u00a0<\/h3><h3>Modifiche e Aggiornamenti<\/h3><p>La presente informativa \u00e8 valida dalla data indicata in calce. Eventuali modifiche saranno comunicate per tempo e rese disponibili sul sito <a href=\"http:\/\/www.robertcutty.com\" target=\"_new\" rel=\"noopener\">www.robertcutty.com<\/a>.<\/p><p>\u00a0<\/p><p>Milano, 03 luglio 2019<\/p>\t\t\t\t\t\t\t\t<\/div>\n\t\t\t\t<\/div>\n\t\t\t\t\t<\/div>\n\t\t\t\t<\/div>\n\t\t\t\t<\/div>\n\t\t","protected":false},"excerpt":{"rendered":"<p>INFORMATIVA PRIVACY abbinata ai prodotti e servizi della Cutty srlai sensi degli artt. 13 e 14 del Reg.to UE\/679\/2016 e del D.Lgs. 101\/2018 (a modifica ed integrazione del D.Lgs. 196\/2003) \u00a0 Chi \u00e8 il titolare del trattamento? La societ\u00e0 Cutty srl, P.Iva 11546320968, con sede&#8230;<\/p>\n","protected":false},"author":1,"featured_media":0,"parent":0,"menu_order":0,"comment_status":"closed","ping_status":"closed","template":"","meta":{"iawp_total_views":4,"footnotes":""},"class_list":["post-18896","page","type-page","status-publish","hentry"],"yoast_head":"<!-- This site is optimized with the Yoast SEO plugin v27.0 - https:\/\/yoast.com\/product\/yoast-seo-wordpress\/ -->\n<title>Privacy Policy | Robert Cutty<\/title>\n<meta name=\"robots\" content=\"index, follow, max-snippet:-1, max-image-preview:large, max-video-preview:-1\" \/>\n<link rel=\"canonical\" href=\"https:\/\/robertcutty.com\/it\/privacy-policy\" \/>\n<meta property=\"og:locale\" content=\"it_IT\" \/>\n<meta property=\"og:type\" content=\"article\" \/>\n<meta property=\"og:title\" content=\"Privacy Policy | Robert Cutty\" \/>\n<meta property=\"og:description\" content=\"INFORMATIVA PRIVACY abbinata ai prodotti e servizi della Cutty srlai sensi degli artt. 13 e 14 del Reg.to UE\/679\/2016 e del D.Lgs. 101\/2018 (a modifica ed integrazione del D.Lgs. 196\/2003) \u00a0 Chi \u00e8 il titolare del trattamento? La societ\u00e0 Cutty srl, P.Iva 11546320968, con sede...\" \/>\n<meta property=\"og:url\" content=\"https:\/\/robertcutty.com\/it\/privacy-policy\" \/>\n<meta property=\"og:site_name\" content=\"Robert Cutty\" \/>\n<meta property=\"article:modified_time\" content=\"2025-01-24T15:06:09+00:00\" \/>\n<meta name=\"twitter:card\" content=\"summary_large_image\" \/>\n<meta name=\"twitter:label1\" content=\"Tempo di lettura stimato\" \/>\n\t<meta name=\"twitter:data1\" content=\"4 minuti\" \/>\n<script type=\"application\/ld+json\" class=\"yoast-schema-graph\">{\"@context\":\"https:\/\/schema.org\",\"@graph\":[{\"@type\":\"WebPage\",\"@id\":\"https:\/\/robertcutty.com\/it\/privacy-policy\",\"url\":\"https:\/\/robertcutty.com\/it\/privacy-policy\",\"name\":\"Privacy Policy | Robert Cutty\",\"isPartOf\":{\"@id\":\"https:\/\/robertcutty.com\/#website\"},\"datePublished\":\"2019-08-02T07:17:05+00:00\",\"dateModified\":\"2025-01-24T15:06:09+00:00\",\"breadcrumb\":{\"@id\":\"https:\/\/robertcutty.com\/it\/privacy-policy#breadcrumb\"},\"inLanguage\":\"it-IT\",\"potentialAction\":[{\"@type\":\"ReadAction\",\"target\":[\"https:\/\/robertcutty.com\/it\/privacy-policy\"]}]},{\"@type\":\"BreadcrumbList\",\"@id\":\"https:\/\/robertcutty.com\/it\/privacy-policy#breadcrumb\",\"itemListElement\":[{\"@type\":\"ListItem\",\"position\":1,\"name\":\"Home\",\"item\":\"https:\/\/robertcutty.com\/it\"},{\"@type\":\"ListItem\",\"position\":2,\"name\":\"Privacy Policy\"}]},{\"@type\":\"WebSite\",\"@id\":\"https:\/\/robertcutty.com\/#website\",\"url\":\"https:\/\/robertcutty.com\/\",\"name\":\"Robert Cutty\",\"description\":\"Agenzia di comunicazione ed organizzazione eventi per adulti e bambini\",\"potentialAction\":[{\"@type\":\"SearchAction\",\"target\":{\"@type\":\"EntryPoint\",\"urlTemplate\":\"https:\/\/robertcutty.com\/?s={search_term_string}\"},\"query-input\":{\"@type\":\"PropertyValueSpecification\",\"valueRequired\":true,\"valueName\":\"search_term_string\"}}],\"inLanguage\":\"it-IT\"}]}<\/script>\n<!-- \/ Yoast SEO plugin. -->","yoast_head_json":{"title":"Privacy Policy | Robert Cutty","robots":{"index":"index","follow":"follow","max-snippet":"max-snippet:-1","max-image-preview":"max-image-preview:large","max-video-preview":"max-video-preview:-1"},"canonical":"https:\/\/robertcutty.com\/it\/privacy-policy","og_locale":"it_IT","og_type":"article","og_title":"Privacy Policy | Robert Cutty","og_description":"INFORMATIVA PRIVACY abbinata ai prodotti e servizi della Cutty srlai sensi degli artt. 13 e 14 del Reg.to UE\/679\/2016 e del D.Lgs. 101\/2018 (a modifica ed integrazione del D.Lgs. 196\/2003) \u00a0 Chi \u00e8 il titolare del trattamento? La societ\u00e0 Cutty srl, P.Iva 11546320968, con sede...","og_url":"https:\/\/robertcutty.com\/it\/privacy-policy","og_site_name":"Robert Cutty","article_modified_time":"2025-01-24T15:06:09+00:00","twitter_card":"summary_large_image","twitter_misc":{"Tempo di lettura stimato":"4 minuti"},"schema":{"@context":"https:\/\/schema.org","@graph":[{"@type":"WebPage","@id":"https:\/\/robertcutty.com\/it\/privacy-policy","url":"https:\/\/robertcutty.com\/it\/privacy-policy","name":"Privacy Policy | Robert Cutty","isPartOf":{"@id":"https:\/\/robertcutty.com\/#website"},"datePublished":"2019-08-02T07:17:05+00:00","dateModified":"2025-01-24T15:06:09+00:00","breadcrumb":{"@id":"https:\/\/robertcutty.com\/it\/privacy-policy#breadcrumb"},"inLanguage":"it-IT","potentialAction":[{"@type":"ReadAction","target":["https:\/\/robertcutty.com\/it\/privacy-policy"]}]},{"@type":"BreadcrumbList","@id":"https:\/\/robertcutty.com\/it\/privacy-policy#breadcrumb","itemListElement":[{"@type":"ListItem","position":1,"name":"Home","item":"https:\/\/robertcutty.com\/it"},{"@type":"ListItem","position":2,"name":"Privacy Policy"}]},{"@type":"WebSite","@id":"https:\/\/robertcutty.com\/#website","url":"https:\/\/robertcutty.com\/","name":"Robert Cutty","description":"Agenzia di comunicazione ed organizzazione eventi per adulti e bambini","potentialAction":[{"@type":"SearchAction","target":{"@type":"EntryPoint","urlTemplate":"https:\/\/robertcutty.com\/?s={search_term_string}"},"query-input":{"@type":"PropertyValueSpecification","valueRequired":true,"valueName":"search_term_string"}}],"inLanguage":"it-IT"}]}},"_links":{"self":[{"href":"https:\/\/robertcutty.com\/it\/wp-json\/wp\/v2\/pages\/18896","targetHints":{"allow":["GET"]}}],"collection":[{"href":"https:\/\/robertcutty.com\/it\/wp-json\/wp\/v2\/pages"}],"about":[{"href":"https:\/\/robertcutty.com\/it\/wp-json\/wp\/v2\/types\/page"}],"author":[{"embeddable":true,"href":"https:\/\/robertcutty.com\/it\/wp-json\/wp\/v2\/users\/1"}],"replies":[{"embeddable":true,"href":"https:\/\/robertcutty.com\/it\/wp-json\/wp\/v2\/comments?post=18896"}],"version-history":[{"count":25,"href":"https:\/\/robertcutty.com\/it\/wp-json\/wp\/v2\/pages\/18896\/revisions"}],"predecessor-version":[{"id":23360,"href":"https:\/\/robertcutty.com\/it\/wp-json\/wp\/v2\/pages\/18896\/revisions\/23360"}],"wp:attachment":[{"href":"https:\/\/robertcutty.com\/it\/wp-json\/wp\/v2\/media?parent=18896"}],"curies":[{"name":"wp","href":"https:\/\/api.w.org\/{rel}","templated":true}]}}