{"id":17247,"date":"2019-04-16T13:44:09","date_gmt":"2019-04-16T13:44:09","guid":{"rendered":"https:\/\/robertcutty.com\/?page_id=17247"},"modified":"2025-01-24T15:06:39","modified_gmt":"2025-01-24T15:06:39","slug":"cookie-policy","status":"publish","type":"page","link":"https:\/\/robertcutty.com\/it\/cookie-policy","title":{"rendered":"COOKIE POLICY"},"content":{"rendered":"\t\t<div data-elementor-type=\"wp-page\" data-elementor-id=\"17247\" class=\"elementor elementor-17247\" data-elementor-post-type=\"page\">\n\t\t\t\t<div class=\"elementor-element elementor-element-577e11ba e-flex e-con-boxed parallax_section_no qode_elementor_container_no e-con e-parent\" data-id=\"577e11ba\" data-element_type=\"container\" data-e-type=\"container\">\n\t\t\t\t\t<div class=\"e-con-inner\">\n\t\t\t\t<div class=\"elementor-element elementor-element-561bb659 elementor-widget elementor-widget-text-editor\" data-id=\"561bb659\" data-element_type=\"widget\" data-e-type=\"widget\" data-widget_type=\"text-editor.default\">\n\t\t\t\t<div class=\"elementor-widget-container\">\n\t\t\t\t\t\t\t\t\t<p>La presente Cookie Policy riguarda l\u2019utilizzo di cookie da parte della Cutty srl, con sede legale in Via Pietrasanta 12, 20141 Milano.<\/p><p>La Cutty srl utilizza i cookie per rendere l\u2019uso del sito <a href=\"http:\/\/www.robertcutty.com\" target=\"_new\" rel=\"noopener\">www.robertcutty.com<\/a> pi\u00f9 semplice e per meglio adattare sia il sito che i prodotti e servizi agli interessi e bisogni dell\u2019utenza. I cookie possono anche essere impiegati per velocizzare le future esperienze ed attivit\u00e0 sul sito.<\/p><p>Utilizzando il sito <a href=\"http:\/\/www.robertcutty.com\" target=\"_new\" rel=\"noopener\">www.robertcutty.com<\/a> acconsenti all&#8217;utilizzo dei cookie in conformit\u00e0 a questa cookie policy: il consenso prestato pu\u00f2 essere revocato in ogni momento, attraverso le istruzioni indicate nella sezione \u201ccome disattivare i cookie\u201d della presente policy.<\/p><p>Se non intendi accettare il nostro utilizzo di cookie puoi rifiutare di prestare il consenso: ti informiamo, inoltre, che se disattivi i cookie che utilizziamo, questo potrebbe influenzare una tua miglior user experience nel sito della Cutty srl.<\/p><h3>\u00a0<\/h3><h3>Cos\u2019\u00e8 un Cookie?<\/h3><p>I cookie sono piccole stringhe di testo scaricate sul dispositivo quando si visita un sito web. Ad ogni visita successiva i cookie vengono inviati al sito web che li ha originati (first-party cookies) o ad un altro sito web che li riconosce (third-party cookies). I cookie sono utili perch\u00e9 consentono a un sito web di riconoscere il dispositivo dell&#8217;utente. Essi hanno scopi diversi come, ad esempio, consentire di navigare in modo efficiente tra le pagine, ricordare i tuoi siti preferiti e, in generale, migliorare l&#8217;esperienza di navigazione. Inoltre, contribuiscono a garantire che il contenuto pubblicitario visualizzato online sia pi\u00f9 mirato a un utente e ai suoi interessi. A seconda della funzione e dell&#8217;uso, i cookie possono essere suddivisi in cookie tecnici, cookie di analisi e profilazione e cookie di terze parti.<\/p><h3>\u00a0<\/h3><h3>Cookie tecnici<\/h3><p>I cookie tecnici sono quelli il cui utilizzo non richiede il consenso dell&#8217;utente. Questi cookie sono essenziali per consentire di navigare attraverso un sito web e utilizzare tutte le sue funzioni. Senza questi cookie, che sono assolutamente necessari, un sito web non pu\u00f2 fornire determinati servizi o funzioni e la navigazione non sarebbe agevole e facile come dovrebbe essere. Un cookie di questo tipo viene utilizzato anche per memorizzare la decisione di un utente sull&#8217;uso dei cookie sul sito web.<\/p><p>Anche i cosiddetti performance cookies appartengono a questa categoria e spesso vengono definiti analytics cookie. Questi sono i cookie che raccolgono informazioni sull&#8217;utilizzo dell&#8217;esperienza utente di un sito web e che consentono di migliorarne il funzionamento. Ad esempio, i performance cookie mostrano le pagine pi\u00f9 visitate, consentono di verificare quali sono i modelli ricorrenti di utilizzo di un sito web, contribuiscono a comprendere tutte le difficolt\u00e0 incontrate nell&#8217;utilizzo del sito web ed a mostrare l&#8217;efficacia della pubblicit\u00e0 pubblicata sul sito web.<\/p><p>I cookie tecnici sono essenziali e non possono essere disattivati utilizzando le funzioni di questo sito web. In generale, i cookie possono essere completamente disattivati nel tuo browser in qualsiasi momento.<\/p><h3>\u00a0<\/h3><h3>Cookie di profilazione<\/h3><p>Questi cookie permettono di ricordare le scelte che gli utenti fanno sul sito e i servizi espressamente richiesti per fornire i servizi pi\u00f9 avanzati e personalizzati. L&#8217;utilizzo di tali cookie richiede l&#8217;acquisizione del consenso dell&#8217;utente in conformit\u00e0 alle leggi sulla privacy e sulla protezione dei dati (art. 6 \u00a7 1 lett. a) del Regolamento UE\/679\/2016). Il consenso viene acquisito attraverso un banner visibile agli utenti alla prima visita sul sito web. Tale consenso pu\u00f2 essere revocato in qualsiasi momento seguendo le istruzioni presenti all\u2019interno della sezione \u201ccome disattivare i cookie\u201d della presente policy. Il rifiuto di acconsentire all&#8217;utilizzo dei cookie di profilazione non interferisce sulla possibilit\u00e0 di accedere al sito, ad eccezione dell&#8217;impossibilit\u00e0 di accedere a tali funzioni o funzioni che utilizzano tali cookie.<\/p><h3>\u00a0<\/h3><h3>Cookie di terze parti<\/h3><p>\u00c8 possibile anche utilizzare cookie di siti o server diversi (&#8220;cookie di terze parti&#8221;): questo perch\u00e9 il sito potrebbe includere elementi come, ad esempio, immagini, mappe, suoni, link specifici alle pagine web in altri domini che risiedono in server diversi da quello in cui trovi la pagina richiesta. In altre parole, questi cookie sono impostati direttamente da operatori di siti o server diversi da quelli del sito web visitato. I cookie di terze parti vengono utilizzati anche per personalizzare l&#8217;esposizione pubblicitaria a seconda dell&#8217;interesse dell&#8217;utente e della frequenza di esposizione al messaggio.<\/p><p>Queste informazioni potrebbero essere condivise con altre parti, ad esempio gli inserzionisti, che potrebbero utilizzare i propri cookie per raccogliere informazioni sulle attivit\u00e0 svolte dagli utenti sul sito web.<\/p><p>Gli inserzionisti possono utilizzare queste informazioni per misurare l&#8217;efficacia della loro pubblicit\u00e0.<\/p><p>L&#8217;utilizzo di tali cookie richiede l&#8217;acquisizione preventiva del consenso informato dell&#8217;utente. Questi cookie non sono controllati direttamente dal gestore del sito web visitato; per revocare tale consenso \u00e8 necessario fare riferimento ai siti web di terze parti oppure seguire le istruzioni riportate nella sezione \u201ccome disattivare i cookie\u201d della presente cookie policy.<\/p><h3>\u00a0<\/h3><h3>Durata dei cookie<\/h3><p>Alcuni cookie (cookie di sessione) restano attivi solo fino alla chiusura del browser o all\u2019esecuzione dell\u2019eventuale comando di logout. Altri cookie \u201csopravvivono\u201d alla chiusura del browser e sono disponibili anche in successive visite dell\u2019utente. Questi cookie sono detti persistenti e la loro durata \u00e8 fissata dal server al momento della loro creazione. In alcuni casi \u00e8 fissata una scadenza, in altri casi la durata \u00e8 illimitata.<\/p><h3>\u00a0<\/h3><h3>Quali cookies usiamo<\/h3><p>Per assicurare un funzionamento pi\u00f9 efficace della nostra piattaforma potremmo utilizzare: i) cookie tecnici e analitici di prima parte e ii) cookie analitici di terza parte.<\/p><p>In particolare, potremmo utilizzare i cookie relativi ai seguenti servizi\/piattaforme:<\/p><ul><li>Google<\/li><li>Facebook<\/li><li>LinkedIn<\/li><li>Instagram<\/li><li>Independent Analytics<\/li><\/ul><h3>\u00a0<\/h3><h3>Come disattivare i cookie dal tuo browser<\/h3><p>Puoi gestire i cookie tramite le impostazioni del tuo browser o seguire i link di seguito riportati per disabilitare i cookie utilizzati:<\/p><ul><li><a href=\"https:\/\/support.google.com\/chrome\/answer\/95647\" target=\"_new\" rel=\"noopener\">Google Chrome<\/a><\/li><li><a href=\"https:\/\/www.facebook.com\/policy\/cookies\/\" target=\"_new\" rel=\"noopener\">Facebook<\/a><\/li><li><a href=\"https:\/\/www.linkedin.com\/legal\/cookie-policy?_l=it_IT\" target=\"_new\" rel=\"noopener\">LinkedIn<\/a><\/li><li><a href=\"https:\/\/help.instagram.com\/1896641480634370\" target=\"_new\" rel=\"noopener\">Instagram<\/a><\/li><li><a href=\"https:\/\/independentwp.com\/\">Independent Analytics<\/a><\/li><\/ul><p>La presente cookie policy pu\u00f2 subire modifiche nel tempo, per cui l\u2019utente\/visitatore \u00e8 invitato a consultare periodicamente questa pagina.<\/p><p>\u00a0<\/p><p>Milano, 02 luglio 2019<\/p>\t\t\t\t\t\t\t\t<\/div>\n\t\t\t\t<\/div>\n\t\t\t\t\t<\/div>\n\t\t\t\t<\/div>\n\t\t\t\t<\/div>\n\t\t","protected":false},"excerpt":{"rendered":"<p>La presente Cookie Policy riguarda l\u2019utilizzo di cookie da parte della Cutty srl, con sede legale in Via Pietrasanta 12, 20141 Milano. La Cutty srl utilizza i cookie per rendere l\u2019uso del sito www.robertcutty.com pi\u00f9 semplice e per meglio adattare sia il sito che i&#8230;<\/p>\n","protected":false},"author":1,"featured_media":0,"parent":0,"menu_order":0,"comment_status":"closed","ping_status":"closed","template":"","meta":{"iawp_total_views":8,"footnotes":""},"class_list":["post-17247","page","type-page","status-publish","hentry"],"yoast_head":"<!-- This site is optimized with the Yoast SEO plugin v27.0 - https:\/\/yoast.com\/product\/yoast-seo-wordpress\/ -->\n<title>COOKIE POLICY | Robert Cutty<\/title>\n<meta name=\"robots\" content=\"index, follow, max-snippet:-1, max-image-preview:large, max-video-preview:-1\" \/>\n<link rel=\"canonical\" href=\"https:\/\/robertcutty.com\/it\/cookie-policy\" \/>\n<meta property=\"og:locale\" content=\"it_IT\" \/>\n<meta property=\"og:type\" content=\"article\" \/>\n<meta property=\"og:title\" content=\"COOKIE POLICY | Robert Cutty\" \/>\n<meta property=\"og:description\" content=\"La presente Cookie Policy riguarda l\u2019utilizzo di cookie da parte della Cutty srl, con sede legale in Via Pietrasanta 12, 20141 Milano. La Cutty srl utilizza i cookie per rendere l\u2019uso del sito www.robertcutty.com pi\u00f9 semplice e per meglio adattare sia il sito che i...\" \/>\n<meta property=\"og:url\" content=\"https:\/\/robertcutty.com\/it\/cookie-policy\" \/>\n<meta property=\"og:site_name\" content=\"Robert Cutty\" \/>\n<meta property=\"article:modified_time\" content=\"2025-01-24T15:06:39+00:00\" \/>\n<meta name=\"twitter:card\" content=\"summary_large_image\" \/>\n<meta name=\"twitter:label1\" content=\"Tempo di lettura stimato\" \/>\n\t<meta name=\"twitter:data1\" content=\"5 minuti\" \/>\n<script type=\"application\/ld+json\" class=\"yoast-schema-graph\">{\"@context\":\"https:\/\/schema.org\",\"@graph\":[{\"@type\":\"WebPage\",\"@id\":\"https:\/\/robertcutty.com\/it\/cookie-policy\",\"url\":\"https:\/\/robertcutty.com\/it\/cookie-policy\",\"name\":\"COOKIE POLICY | Robert Cutty\",\"isPartOf\":{\"@id\":\"https:\/\/robertcutty.com\/#website\"},\"datePublished\":\"2019-04-16T13:44:09+00:00\",\"dateModified\":\"2025-01-24T15:06:39+00:00\",\"breadcrumb\":{\"@id\":\"https:\/\/robertcutty.com\/it\/cookie-policy#breadcrumb\"},\"inLanguage\":\"it-IT\",\"potentialAction\":[{\"@type\":\"ReadAction\",\"target\":[\"https:\/\/robertcutty.com\/it\/cookie-policy\"]}]},{\"@type\":\"BreadcrumbList\",\"@id\":\"https:\/\/robertcutty.com\/it\/cookie-policy#breadcrumb\",\"itemListElement\":[{\"@type\":\"ListItem\",\"position\":1,\"name\":\"Home\",\"item\":\"https:\/\/robertcutty.com\/it\"},{\"@type\":\"ListItem\",\"position\":2,\"name\":\"COOKIE POLICY\"}]},{\"@type\":\"WebSite\",\"@id\":\"https:\/\/robertcutty.com\/#website\",\"url\":\"https:\/\/robertcutty.com\/\",\"name\":\"Robert Cutty\",\"description\":\"Agenzia di comunicazione ed organizzazione eventi per adulti e bambini\",\"potentialAction\":[{\"@type\":\"SearchAction\",\"target\":{\"@type\":\"EntryPoint\",\"urlTemplate\":\"https:\/\/robertcutty.com\/?s={search_term_string}\"},\"query-input\":{\"@type\":\"PropertyValueSpecification\",\"valueRequired\":true,\"valueName\":\"search_term_string\"}}],\"inLanguage\":\"it-IT\"}]}<\/script>\n<!-- \/ Yoast SEO plugin. -->","yoast_head_json":{"title":"COOKIE POLICY | Robert Cutty","robots":{"index":"index","follow":"follow","max-snippet":"max-snippet:-1","max-image-preview":"max-image-preview:large","max-video-preview":"max-video-preview:-1"},"canonical":"https:\/\/robertcutty.com\/it\/cookie-policy","og_locale":"it_IT","og_type":"article","og_title":"COOKIE POLICY | Robert Cutty","og_description":"La presente Cookie Policy riguarda l\u2019utilizzo di cookie da parte della Cutty srl, con sede legale in Via Pietrasanta 12, 20141 Milano. La Cutty srl utilizza i cookie per rendere l\u2019uso del sito www.robertcutty.com pi\u00f9 semplice e per meglio adattare sia il sito che i...","og_url":"https:\/\/robertcutty.com\/it\/cookie-policy","og_site_name":"Robert Cutty","article_modified_time":"2025-01-24T15:06:39+00:00","twitter_card":"summary_large_image","twitter_misc":{"Tempo di lettura stimato":"5 minuti"},"schema":{"@context":"https:\/\/schema.org","@graph":[{"@type":"WebPage","@id":"https:\/\/robertcutty.com\/it\/cookie-policy","url":"https:\/\/robertcutty.com\/it\/cookie-policy","name":"COOKIE POLICY | Robert Cutty","isPartOf":{"@id":"https:\/\/robertcutty.com\/#website"},"datePublished":"2019-04-16T13:44:09+00:00","dateModified":"2025-01-24T15:06:39+00:00","breadcrumb":{"@id":"https:\/\/robertcutty.com\/it\/cookie-policy#breadcrumb"},"inLanguage":"it-IT","potentialAction":[{"@type":"ReadAction","target":["https:\/\/robertcutty.com\/it\/cookie-policy"]}]},{"@type":"BreadcrumbList","@id":"https:\/\/robertcutty.com\/it\/cookie-policy#breadcrumb","itemListElement":[{"@type":"ListItem","position":1,"name":"Home","item":"https:\/\/robertcutty.com\/it"},{"@type":"ListItem","position":2,"name":"COOKIE POLICY"}]},{"@type":"WebSite","@id":"https:\/\/robertcutty.com\/#website","url":"https:\/\/robertcutty.com\/","name":"Robert Cutty","description":"Agenzia di comunicazione ed organizzazione eventi per adulti e bambini","potentialAction":[{"@type":"SearchAction","target":{"@type":"EntryPoint","urlTemplate":"https:\/\/robertcutty.com\/?s={search_term_string}"},"query-input":{"@type":"PropertyValueSpecification","valueRequired":true,"valueName":"search_term_string"}}],"inLanguage":"it-IT"}]}},"_links":{"self":[{"href":"https:\/\/robertcutty.com\/it\/wp-json\/wp\/v2\/pages\/17247","targetHints":{"allow":["GET"]}}],"collection":[{"href":"https:\/\/robertcutty.com\/it\/wp-json\/wp\/v2\/pages"}],"about":[{"href":"https:\/\/robertcutty.com\/it\/wp-json\/wp\/v2\/types\/page"}],"author":[{"embeddable":true,"href":"https:\/\/robertcutty.com\/it\/wp-json\/wp\/v2\/users\/1"}],"replies":[{"embeddable":true,"href":"https:\/\/robertcutty.com\/it\/wp-json\/wp\/v2\/comments?post=17247"}],"version-history":[{"count":33,"href":"https:\/\/robertcutty.com\/it\/wp-json\/wp\/v2\/pages\/17247\/revisions"}],"predecessor-version":[{"id":23369,"href":"https:\/\/robertcutty.com\/it\/wp-json\/wp\/v2\/pages\/17247\/revisions\/23369"}],"wp:attachment":[{"href":"https:\/\/robertcutty.com\/it\/wp-json\/wp\/v2\/media?parent=17247"}],"curies":[{"name":"wp","href":"https:\/\/api.w.org\/{rel}","templated":true}]}}